{"id":153,"date":"2026-03-17T17:34:02","date_gmt":"2026-03-17T17:34:02","guid":{"rendered":"https:\/\/festivalcineitaliano.es\/?page_id=153"},"modified":"2026-04-04T14:47:57","modified_gmt":"2026-04-04T14:47:57","slug":"4a-festival-de-cine-italiano-de-malaga-2021","status":"publish","type":"page","link":"https:\/\/festivalcineitaliano.es\/index.php\/4a-festival-de-cine-italiano-de-malaga-2021\/","title":{"rendered":"edizione 4"},"content":{"rendered":"\n<div class=\"wp-block-group alignfull has-custom-color-1-background-color has-background is-layout-flow wp-block-group-is-layout-flow\" style=\"padding-top:0vw;padding-right:6vw;padding-bottom:0vw;padding-left:6vw\">\n<div class=\"wp-block-group alignfull is-layout-flow wp-block-group-is-layout-flow\" style=\"margin-top:0;margin-bottom:0;padding-top:var(--wp--preset--spacing--30);padding-right:0;padding-bottom:var(--wp--preset--spacing--30);padding-left:0\">\n<div class=\"wp-block-columns alignwide is-layout-flex wp-container-core-columns-is-layout-06670bbc wp-block-columns-is-layout-flex\">\n<div class=\"wp-block-column is-vertically-aligned-stretch is-layout-flow wp-block-column-is-layout-flow\" style=\"flex-basis:50%\">\n<div class=\"wp-block-group is-vertical is-content-justification-stretch is-layout-flex wp-container-core-group-is-layout-e97d0e0e wp-block-group-is-layout-flex\" style=\"min-height:100%\">\n<h1 class=\"wp-block-heading has-text-align-left has-base-2-color has-text-color has-link-color wp-elements-49f4847bcbb91d75b40697a19321f7a6\" style=\"margin-right:0;margin-left:calc( var(--wp--preset--spacing--20) * -1);font-size:clamp(3.652rem, 3.652rem + ((1vw - 0.2rem) * 6.58), 7.6rem);font-style:normal;font-weight:200;line-height:1;writing-mode:horizontal-tb\">EDIZIONE 4<\/h1>\n<\/div>\n<\/div>\n\n\n\n<div class=\"wp-block-column is-vertically-aligned-top is-layout-flow wp-block-column-is-layout-flow\" style=\"flex-basis:50%\">\n<figure class=\"wp-block-image alignright size-full is-resized is-style-default\"><img loading=\"lazy\" decoding=\"async\" width=\"1119\" height=\"1600\" src=\"https:\/\/festivalcineitaliano.es\/wp-content\/uploads\/2026\/03\/IMG_5481.jpg\" alt=\"\" class=\"wp-image-173\" style=\"aspect-ratio:0.7000074587901842;width:673px;height:auto\" srcset=\"https:\/\/festivalcineitaliano.es\/wp-content\/uploads\/2026\/03\/IMG_5481.jpg 1119w, https:\/\/festivalcineitaliano.es\/wp-content\/uploads\/2026\/03\/IMG_5481-210x300.jpg 210w, https:\/\/festivalcineitaliano.es\/wp-content\/uploads\/2026\/03\/IMG_5481-716x1024.jpg 716w, https:\/\/festivalcineitaliano.es\/wp-content\/uploads\/2026\/03\/IMG_5481-768x1098.jpg 768w, https:\/\/festivalcineitaliano.es\/wp-content\/uploads\/2026\/03\/IMG_5481-1074x1536.jpg 1074w\" sizes=\"auto, (max-width: 1119px) 100vw, 1119px\" \/><\/figure>\n<\/div>\n<\/div>\n<\/div>\n\n\n\n<div style=\"height:58px\" aria-hidden=\"true\" class=\"wp-block-spacer\"><\/div>\n\n\n\n<div class=\"wp-block-group has-base-color has-text-color has-link-color wp-elements-fbde5fcc0633d9554017fdab3c7dff03 is-vertical is-nowrap is-layout-flex wp-container-core-group-is-layout-36fd9ea3 wp-block-group-is-layout-flex\" style=\"padding-right:0;padding-left:0\">\n<h2 class=\"wp-block-heading has-base-2-color has-text-color\" style=\"font-size:clamp(2.503rem, 2.503rem + ((1vw - 0.2rem) * 3.662), 4.7rem);text-transform:uppercase\">4\u00aa Festival de Cine Italiano de M\u00e1laga <strong>2021<\/strong><\/h2>\n<\/div>\n\n\n\n<div style=\"height:31px\" aria-hidden=\"true\" class=\"wp-block-spacer\"><\/div>\n\n\n\n<div class=\"wp-block-group alignwide is-vertical is-nowrap is-layout-flex wp-container-core-group-is-layout-7946b6b8 wp-block-group-is-layout-flex\" style=\"padding-top:0;padding-right:0;padding-bottom:0;padding-left:0\">\n<div class=\"wp-block-columns alignwide is-layout-flex wp-container-core-columns-is-layout-21b20327 wp-block-columns-is-layout-flex\">\n<div class=\"wp-block-column is-layout-flow wp-block-column-is-layout-flow\" style=\"flex-basis:33.22%\">\n<h2 class=\"wp-block-heading has-accent-5-color has-text-color has-link-color has-xx-large-font-size wp-elements-da232da25cce9833c4d8c7f50f8252dc\" style=\"text-transform:uppercase\">Ospiti e protagonisti<\/h2>\n\n\n\n<p class=\"has-large-font-size\">L\u2019edizione 2021 ha visto la partecipazione di <a href=\"http:\/\/xn--marina%20pars-mhb\/\">Marina Par\u00e9s<\/a>, che ha presentato il classico del cinema italiano <em>La famiglia<\/em> di Ettore Scola.<\/p>\n\n\n\n<p class=\"has-large-font-size\">Tra gli ospiti principali anche <a href=\"http:\/\/gabriele%20di%20luca\/\">Gabriele Di Luca<\/a>, autore di <em>Thank\u2019s<\/em> e conduttore di workshop, che ha ricevuto la medaglia d\u2019onore del festival insieme a Marina Par\u00e9s.<\/p>\n<\/div>\n\n\n\n<div class=\"wp-block-column is-layout-flow wp-block-column-is-layout-flow\" style=\"flex-basis:33.33%\">\n<figure class=\"wp-block-image\"><img decoding=\"async\" src=\"https:\/\/www.giornalediplomatico.it\/foto\/grandi\/cinema_malaga_2.jpg\" alt=\"\" style=\"aspect-ratio:2\/3;object-fit:cover\" title=\"\"\/><\/figure>\n<\/div>\n\n\n\n<div class=\"wp-block-column is-layout-flow wp-block-column-is-layout-flow\" style=\"flex-basis:33.45%\">\n<figure class=\"wp-block-image\"><img decoding=\"async\" src=\"https:\/\/www.giornalediplomatico.it\/foto\/grandi\/cinema_malaga_4.jpg\" alt=\"\" title=\"\"\/><\/figure>\n<\/div>\n<\/div>\n\n\n\n<div style=\"height:0px\" aria-hidden=\"true\" class=\"wp-block-spacer wp-container-content-9760934e\"><\/div>\n\n\n\n<div class=\"wp-block-columns alignwide is-layout-flex wp-container-core-columns-is-layout-c24efe4f wp-block-columns-is-layout-flex\">\n<div class=\"wp-block-column is-layout-flow wp-block-column-is-layout-flow\" style=\"flex-basis:69%\">\n<figure class=\"wp-block-image\"><img decoding=\"async\" src=\"https:\/\/www.giornalediplomatico.it\/foto\/grandi\/cinema_malaga_3.jpg\" alt=\"\" title=\"\"\/><\/figure>\n<\/div>\n\n\n\n<div class=\"wp-block-column is-vertically-aligned-top is-layout-flow wp-block-column-is-layout-flow\" style=\"flex-basis:33%\">\n<div style=\"height:0px\" aria-hidden=\"true\" class=\"wp-block-spacer\"><\/div>\n\n\n\n<h2 class=\"wp-block-heading has-text-color has-link-color has-xx-large-font-size wp-elements-65a1e5f695697018745999b9cb385303\" style=\"color:#fff300;text-transform:uppercase\">Iniziative e temi<\/h2>\n\n\n\n<p class=\"has-large-font-size\">Il tema centrale della 4\u00aa edizione \u00e8 stata la famiglia, affrontata sia nei lungometraggi sia nei cortometraggi.<\/p>\n\n\n\n<p class=\"has-large-font-size\" id=\"block-debe9b6a-68cb-4604-99a6-0112093feaa8\">Sono stati <mark style=\"background-color:rgba(0, 0, 0, 0);color:#ffe200\" class=\"has-inline-color\"><strong>organizzati due workshop<\/strong> <\/mark>tenuti da Gabriele Di Luca:<\/p>\n\n\n\n<p class=\"has-large-font-size\">uno presso il Contenitore Culturale dell\u2019Universit\u00e0 di M\u00e1laga, rivolto agli studenti della Facolt\u00e0 di Scienze della Comunicazione, e un altro presso la Escuela Superior de Arte Dram\u00e1tico de M\u00e1laga (ESAD M\u00e1laga).<\/p>\n\n\n\n<hr class=\"wp-block-separator has-alpha-channel-opacity\"\/>\n<\/div>\n<\/div>\n\n\n\n<h2 class=\"wp-block-heading has-accent-5-color has-text-color has-link-color has-xx-large-font-size wp-elements-5ca5d818dd604165ec1a2df4c3c8819d\" style=\"text-transform:uppercase\">I film in programma<\/h2>\n\n\n\n<p class=\"has-large-font-size\">La sezione lungometraggi ha proposto quattro opere:<\/p>\n\n\n\n<div style=\"height:19px\" aria-hidden=\"true\" class=\"wp-block-spacer wp-container-content-370e7c34\"><\/div>\n<\/div>\n\n\n\n<div class=\"wp-block-group alignwide is-layout-flow wp-block-group-is-layout-flow\">\n<div class=\"wp-block-columns alignwide are-vertically-aligned-top is-layout-flex wp-container-core-columns-is-layout-c6809a2b wp-block-columns-is-layout-flex\">\n<div class=\"wp-block-column is-vertically-aligned-top is-layout-flow wp-block-column-is-layout-flow\">\n<div class=\"wp-block-group wp-container-content-231d8afb is-vertical is-content-justification-left is-nowrap is-layout-flex wp-container-core-group-is-layout-d439c89b wp-block-group-is-layout-flex\" style=\"margin-top:0;margin-bottom:0\">\n<div class=\"wp-block-group is-vertical is-nowrap is-layout-flex wp-container-core-group-is-layout-5280e479 wp-block-group-is-layout-flex\">\n<p class=\"has-medium-font-size\"><a href=\"http:\/\/Thank\u2019s\"><em>Thank\u2019s<\/em><\/a><\/p>\n\n\n\n<p class=\"has-medium-font-size\">Gabriele Di Luca<\/p>\n<\/div>\n\n\n\n<figure class=\"wp-block-image\"><img decoding=\"async\" src=\"https:\/\/pad.mymovies.it\/filmclub\/2019\/09\/160\/locandina.jpg\" alt=\"Thanks! - Film (2019) - MYmovies.it\"\/><\/figure>\n\n\n\n<div style=\"height:0px\" aria-hidden=\"true\" class=\"wp-block-spacer wp-container-content-9760934e\"><\/div>\n<\/div>\n<\/div>\n\n\n\n<div class=\"wp-block-column is-vertically-aligned-top is-layout-flow wp-block-column-is-layout-flow\">\n<div class=\"wp-block-group wp-container-content-231d8afb is-vertical is-layout-flex wp-container-core-group-is-layout-05b43539 wp-block-group-is-layout-flex\" style=\"margin-top:0;margin-bottom:0\">\n<div class=\"wp-block-group is-vertical is-nowrap is-layout-flex wp-container-core-group-is-layout-5280e479 wp-block-group-is-layout-flex\">\n<p class=\"has-medium-font-size\"><a href=\"http:\/\/Figli\"><em>Figli<\/em><\/a><\/p>\n\n\n\n<p class=\"has-medium-font-size\">Giuseppe Bonito<\/p>\n<\/div>\n\n\n\n<figure class=\"wp-block-image\"><img decoding=\"async\" src=\"https:\/\/pad.mymovies.it\/filmclub\/2019\/12\/234\/locandina.jpg\" alt=\"Figli - Film (2020) - MYmovies.it\"\/><\/figure>\n\n\n\n<div style=\"height:0px\" aria-hidden=\"true\" class=\"wp-block-spacer wp-container-content-9760934e\"><\/div>\n<\/div>\n<\/div>\n\n\n\n<div class=\"wp-block-column is-vertically-aligned-top is-layout-flow wp-block-column-is-layout-flow\">\n<div class=\"wp-block-group wp-container-content-231d8afb is-vertical is-layout-flex wp-container-core-group-is-layout-05b43539 wp-block-group-is-layout-flex\" style=\"margin-top:0;margin-bottom:0\">\n<div class=\"wp-block-group is-vertical is-nowrap is-layout-flex wp-container-core-group-is-layout-5280e479 wp-block-group-is-layout-flex\">\n<p class=\"has-medium-font-size\"><em><a href=\"http:\/\/Genitori quasi perfetti\">Genitori quasi perfetti<\/a><\/em><\/p>\n\n\n\n<p class=\"has-medium-font-size\">Laura Chiosone<\/p>\n<\/div>\n\n\n\n<figure class=\"wp-block-image\"><img decoding=\"async\" src=\"https:\/\/pad.mymovies.it\/filmclub\/2018\/02\/130\/locandina.jpg\" alt=\"Genitori quasi perfetti - Film (2019) - MYmovies.it\"\/><\/figure>\n\n\n\n<div style=\"height:0px\" aria-hidden=\"true\" class=\"wp-block-spacer wp-container-content-9760934e\"><\/div>\n<\/div>\n<\/div>\n\n\n\n<div class=\"wp-block-column is-vertically-aligned-top is-layout-flow wp-block-column-is-layout-flow\">\n<div class=\"wp-block-group wp-container-content-231d8afb is-vertical is-layout-flex wp-container-core-group-is-layout-05b43539 wp-block-group-is-layout-flex\" style=\"margin-top:0;margin-bottom:0\">\n<div class=\"wp-block-group is-vertical is-nowrap is-layout-flex wp-container-core-group-is-layout-5280e479 wp-block-group-is-layout-flex\">\n<p class=\"has-medium-font-size\"><em><a href=\"http:\/\/Punta sacra\">Punta sacra<\/a><\/em> <\/p>\n\n\n\n<p class=\"has-medium-font-size\">Francesca Mazzoleni<\/p>\n<\/div>\n\n\n\n<figure class=\"wp-block-image\"><img decoding=\"async\" src=\"https:\/\/cdn.chili.com\/images\/public\/cms\/fe\/54\/91\/a3\/fe5491a3-0f13-4286-b308-24d08eedf30e.jpg?width=330\" alt=\"Punta Sacra | CHILI | Film Streaming\"\/><\/figure>\n\n\n\n<div style=\"height:0px\" aria-hidden=\"true\" class=\"wp-block-spacer wp-container-content-6388d5dc\"><\/div>\n\n\n\n<div style=\"height:0px\" aria-hidden=\"true\" class=\"wp-block-spacer wp-container-content-9760934e\"><\/div>\n<\/div>\n<\/div>\n<\/div>\n<\/div>\n\n\n\n<div class=\"wp-block-group alignfull is-layout-flow wp-block-group-is-layout-flow\" style=\"min-height:0px;padding-right:0;padding-left:0;line-height:1\">\n<div class=\"wp-block-columns is-layout-flex wp-container-core-columns-is-layout-e0e4babd wp-block-columns-is-layout-flex\" style=\"padding-right:0;padding-left:0\">\n<div class=\"wp-block-column is-layout-flow wp-block-column-is-layout-flow\" style=\"flex-basis:50%\">\n<h2 class=\"wp-block-heading has-accent-5-color has-text-color has-link-color wp-elements-edaa8635a1f0e54801fa570a5a885413\" style=\"text-transform:uppercase\">Concorso cortometraggi<\/h2>\n<\/div>\n\n\n\n<div class=\"wp-block-column is-layout-flow wp-block-column-is-layout-flow\" style=\"flex-basis:50%\">\n<p id=\"block-408f950a-0faf-4018-bda4-c58555b9dd4f\"><em><a href=\"http:\/\/il%20nostro%20tempo\/\">Il nostro tempo<\/a><\/em> di Veronica Spedicati<\/p>\n\n\n\n<p id=\"block-fb7e5f25-1952-4e1e-823b-6a5227c892d4\"><a href=\"http:\/\/invierno\/\"><em>Invierno<\/em> <\/a>di Giulio Matromauro<\/p>\n\n\n\n<p class=\"has-medium-font-size\"><a href=\"http:\/\/xn--lumanit%20scalza-3lb1894l\/\"><em>L\u2019Umanit\u00e0 scalza<\/em> <\/a>di Americo Melchionda<\/p>\n<\/div>\n<\/div>\n\n\n\n<div style=\"height:37px\" aria-hidden=\"true\" class=\"wp-block-spacer\"><\/div>\n\n\n\n<div class=\"wp-block-cover is-light has-parallax\" style=\"min-height:549px;aspect-ratio:unset;\"><div class=\"wp-block-cover__image-background has-parallax\" style=\"background-position:50% 50%;background-image:url(https:\/\/www.giornalediplomatico.it\/foto\/grandi\/cinema_malaga_5.jpg)\"><\/div><span aria-hidden=\"true\" class=\"wp-block-cover__background has-background-dim-0 has-background-dim\"><\/span><div class=\"wp-block-cover__inner-container is-layout-flow wp-block-cover-is-layout-flow\">\n<p class=\"has-text-align-center has-large-font-size\"><\/p>\n<\/div><\/div>\n\n\n\n<hr class=\"wp-block-separator has-alpha-channel-opacity\"\/>\n\n\n\n<h2 class=\"wp-block-heading has-text-color has-link-color wp-elements-273f18115d9b0a688ce392718d36c4b0\" style=\"color:#ffee00;text-transform:uppercase\">Concorso e riconoscimenti<\/h2>\n\n\n\n<p class=\"has-large-font-size\">In questa edizione sono state assegnate le prime <a href=\"http:\/\/medaglie d\u2019onore del Festival\">medaglie d\u2019onore del Festival<\/a>: a Marina Par\u00e9s e a Gabriele Di Luca, per il contributo artistico e formativo dato alla manifestazione.<\/p>\n\n\n\n<p class=\"has-large-font-size\">Nonostante le difficolt\u00e0 legate alla pandemia, l\u2019edizione ha mantenuto un alto livello di attivit\u00e0 culturali e di coinvolgimento con il pubblico e gli studenti.<\/p>\n\n\n\n<div style=\"height:38px\" aria-hidden=\"true\" class=\"wp-block-spacer\"><\/div>\n<\/div>\n<\/div>\n","protected":false},"excerpt":{"rendered":"<p>EDIZIONE 4 4\u00aa Festival de Cine Italiano de M\u00e1laga 2021 Ospiti e protagonisti L\u2019edizione 2021 ha visto la partecipazione di Marina Par\u00e9s, che ha presentato il classico del cinema italiano La famiglia di Ettore Scola. Tra gli ospiti principali anche Gabriele Di Luca, autore di Thank\u2019s e conduttore di workshop, che ha ricevuto la medaglia [&hellip;]<\/p>\n","protected":false},"author":1,"featured_media":0,"parent":0,"menu_order":0,"comment_status":"closed","ping_status":"closed","template":"page-wide","meta":{"footnotes":""},"class_list":["post-153","page","type-page","status-publish","hentry"],"yoast_head":"<!-- This site is optimized with the Yoast SEO plugin v27.1.1 - https:\/\/yoast.com\/product\/yoast-seo-wordpress\/ -->\n<title>4\u00aa Festival de Cine Italiano de Malaga - 2021<\/title>\n<meta name=\"description\" content=\"Scopri la 4\u00aa Festival de Cine Italiano de Malaga - 2021: film, ospiti, concorsi e momenti speciali di questa importante manifestazione.\" \/>\n<meta name=\"robots\" content=\"index, follow, max-snippet:-1, max-image-preview:large, max-video-preview:-1\" \/>\n<link rel=\"canonical\" href=\"https:\/\/festivalcineitaliano.es\/index.php\/4a-festival-de-cine-italiano-de-malaga-2021\/\" \/>\n<meta property=\"og:locale\" content=\"it_IT\" \/>\n<meta property=\"og:type\" content=\"article\" \/>\n<meta property=\"og:title\" content=\"4\u00aa Festival de Cine Italiano de Malaga - 2021\" \/>\n<meta property=\"og:description\" content=\"Scopri la 4\u00aa Festival de Cine Italiano de Malaga - 2021: film, ospiti, concorsi e momenti speciali di questa importante manifestazione.\" \/>\n<meta property=\"og:url\" content=\"https:\/\/festivalcineitaliano.es\/index.php\/4a-festival-de-cine-italiano-de-malaga-2021\/\" \/>\n<meta property=\"og:site_name\" content=\"FESTIVAL DE CINE ITALIANO\" \/>\n<meta property=\"article:modified_time\" content=\"2026-04-04T14:47:57+00:00\" \/>\n<meta property=\"og:image\" content=\"https:\/\/festivalcineitaliano.es\/wp-content\/uploads\/2026\/03\/IMG_5481.jpg\" \/>\n\t<meta property=\"og:image:width\" content=\"1119\" \/>\n\t<meta property=\"og:image:height\" content=\"1600\" \/>\n\t<meta property=\"og:image:type\" content=\"image\/jpeg\" \/>\n<meta name=\"twitter:card\" content=\"summary_large_image\" \/>\n<meta name=\"twitter:label1\" content=\"Tempo di lettura stimato\" \/>\n\t<meta name=\"twitter:data1\" content=\"3 minuti\" \/>\n<script type=\"application\/ld+json\" class=\"yoast-schema-graph\">{\"@context\":\"https:\/\/schema.org\",\"@graph\":[{\"@type\":\"WebPage\",\"@id\":\"https:\/\/festivalcineitaliano.es\/index.php\/4a-festival-de-cine-italiano-de-malaga-2021\/\",\"url\":\"https:\/\/festivalcineitaliano.es\/index.php\/4a-festival-de-cine-italiano-de-malaga-2021\/\",\"name\":\"4\u00aa Festival de Cine Italiano de Malaga - 2021\",\"isPartOf\":{\"@id\":\"https:\/\/festivalcineitaliano.es\/#website\"},\"primaryImageOfPage\":{\"@id\":\"https:\/\/festivalcineitaliano.es\/index.php\/4a-festival-de-cine-italiano-de-malaga-2021\/#primaryimage\"},\"image\":{\"@id\":\"https:\/\/festivalcineitaliano.es\/index.php\/4a-festival-de-cine-italiano-de-malaga-2021\/#primaryimage\"},\"thumbnailUrl\":\"https:\/\/festivalcineitaliano.es\/wp-content\/uploads\/2026\/03\/IMG_5481.jpg\",\"datePublished\":\"2026-03-17T17:34:02+00:00\",\"dateModified\":\"2026-04-04T14:47:57+00:00\",\"description\":\"Scopri la 4\u00aa Festival de Cine Italiano de Malaga - 2021: film, ospiti, concorsi e momenti speciali di questa importante manifestazione.\",\"breadcrumb\":{\"@id\":\"https:\/\/festivalcineitaliano.es\/index.php\/4a-festival-de-cine-italiano-de-malaga-2021\/#breadcrumb\"},\"inLanguage\":\"it-IT\",\"potentialAction\":[{\"@type\":\"ReadAction\",\"target\":[\"https:\/\/festivalcineitaliano.es\/index.php\/4a-festival-de-cine-italiano-de-malaga-2021\/\"]}]},{\"@type\":\"ImageObject\",\"inLanguage\":\"it-IT\",\"@id\":\"https:\/\/festivalcineitaliano.es\/index.php\/4a-festival-de-cine-italiano-de-malaga-2021\/#primaryimage\",\"url\":\"https:\/\/festivalcineitaliano.es\/wp-content\/uploads\/2026\/03\/IMG_5481.jpg\",\"contentUrl\":\"https:\/\/festivalcineitaliano.es\/wp-content\/uploads\/2026\/03\/IMG_5481.jpg\",\"width\":1119,\"height\":1600},{\"@type\":\"BreadcrumbList\",\"@id\":\"https:\/\/festivalcineitaliano.es\/index.php\/4a-festival-de-cine-italiano-de-malaga-2021\/#breadcrumb\",\"itemListElement\":[{\"@type\":\"ListItem\",\"position\":1,\"name\":\"Home\",\"item\":\"https:\/\/festivalcineitaliano.es\/\"},{\"@type\":\"ListItem\",\"position\":2,\"name\":\"edizione 4\"}]},{\"@type\":\"WebSite\",\"@id\":\"https:\/\/festivalcineitaliano.es\/#website\",\"url\":\"https:\/\/festivalcineitaliano.es\/\",\"name\":\"FESTIVAL DE CINE ITALIANO\",\"description\":\"\",\"publisher\":{\"@id\":\"https:\/\/festivalcineitaliano.es\/#organization\"},\"potentialAction\":[{\"@type\":\"SearchAction\",\"target\":{\"@type\":\"EntryPoint\",\"urlTemplate\":\"https:\/\/festivalcineitaliano.es\/?s={search_term_string}\"},\"query-input\":{\"@type\":\"PropertyValueSpecification\",\"valueRequired\":true,\"valueName\":\"search_term_string\"}}],\"inLanguage\":\"it-IT\"},{\"@type\":\"Organization\",\"@id\":\"https:\/\/festivalcineitaliano.es\/#organization\",\"name\":\"FESTIVAL DE CINE ITALIANO\",\"url\":\"https:\/\/festivalcineitaliano.es\/\",\"logo\":{\"@type\":\"ImageObject\",\"inLanguage\":\"it-IT\",\"@id\":\"https:\/\/festivalcineitaliano.es\/#\/schema\/logo\/image\/\",\"url\":\"https:\/\/festivalcineitaliano.es\/wp-content\/uploads\/2026\/04\/IMG_5478-edited.png\",\"contentUrl\":\"https:\/\/festivalcineitaliano.es\/wp-content\/uploads\/2026\/04\/IMG_5478-edited.png\",\"width\":512,\"height\":288,\"caption\":\"FESTIVAL DE CINE ITALIANO\"},\"image\":{\"@id\":\"https:\/\/festivalcineitaliano.es\/#\/schema\/logo\/image\/\"}}]}<\/script>\n<!-- \/ Yoast SEO plugin. -->","yoast_head_json":{"title":"4\u00aa Festival de Cine Italiano de Malaga - 2021","description":"Scopri la 4\u00aa Festival de Cine Italiano de Malaga - 2021: film, ospiti, concorsi e momenti speciali di questa importante manifestazione.","robots":{"index":"index","follow":"follow","max-snippet":"max-snippet:-1","max-image-preview":"max-image-preview:large","max-video-preview":"max-video-preview:-1"},"canonical":"https:\/\/festivalcineitaliano.es\/index.php\/4a-festival-de-cine-italiano-de-malaga-2021\/","og_locale":"it_IT","og_type":"article","og_title":"4\u00aa Festival de Cine Italiano de Malaga - 2021","og_description":"Scopri la 4\u00aa Festival de Cine Italiano de Malaga - 2021: film, ospiti, concorsi e momenti speciali di questa importante manifestazione.","og_url":"https:\/\/festivalcineitaliano.es\/index.php\/4a-festival-de-cine-italiano-de-malaga-2021\/","og_site_name":"FESTIVAL DE CINE ITALIANO","article_modified_time":"2026-04-04T14:47:57+00:00","og_image":[{"width":1119,"height":1600,"url":"https:\/\/festivalcineitaliano.es\/wp-content\/uploads\/2026\/03\/IMG_5481.jpg","type":"image\/jpeg"}],"twitter_card":"summary_large_image","twitter_misc":{"Tempo di lettura stimato":"3 minuti"},"schema":{"@context":"https:\/\/schema.org","@graph":[{"@type":"WebPage","@id":"https:\/\/festivalcineitaliano.es\/index.php\/4a-festival-de-cine-italiano-de-malaga-2021\/","url":"https:\/\/festivalcineitaliano.es\/index.php\/4a-festival-de-cine-italiano-de-malaga-2021\/","name":"4\u00aa Festival de Cine Italiano de Malaga - 2021","isPartOf":{"@id":"https:\/\/festivalcineitaliano.es\/#website"},"primaryImageOfPage":{"@id":"https:\/\/festivalcineitaliano.es\/index.php\/4a-festival-de-cine-italiano-de-malaga-2021\/#primaryimage"},"image":{"@id":"https:\/\/festivalcineitaliano.es\/index.php\/4a-festival-de-cine-italiano-de-malaga-2021\/#primaryimage"},"thumbnailUrl":"https:\/\/festivalcineitaliano.es\/wp-content\/uploads\/2026\/03\/IMG_5481.jpg","datePublished":"2026-03-17T17:34:02+00:00","dateModified":"2026-04-04T14:47:57+00:00","description":"Scopri la 4\u00aa Festival de Cine Italiano de Malaga - 2021: film, ospiti, concorsi e momenti speciali di questa importante manifestazione.","breadcrumb":{"@id":"https:\/\/festivalcineitaliano.es\/index.php\/4a-festival-de-cine-italiano-de-malaga-2021\/#breadcrumb"},"inLanguage":"it-IT","potentialAction":[{"@type":"ReadAction","target":["https:\/\/festivalcineitaliano.es\/index.php\/4a-festival-de-cine-italiano-de-malaga-2021\/"]}]},{"@type":"ImageObject","inLanguage":"it-IT","@id":"https:\/\/festivalcineitaliano.es\/index.php\/4a-festival-de-cine-italiano-de-malaga-2021\/#primaryimage","url":"https:\/\/festivalcineitaliano.es\/wp-content\/uploads\/2026\/03\/IMG_5481.jpg","contentUrl":"https:\/\/festivalcineitaliano.es\/wp-content\/uploads\/2026\/03\/IMG_5481.jpg","width":1119,"height":1600},{"@type":"BreadcrumbList","@id":"https:\/\/festivalcineitaliano.es\/index.php\/4a-festival-de-cine-italiano-de-malaga-2021\/#breadcrumb","itemListElement":[{"@type":"ListItem","position":1,"name":"Home","item":"https:\/\/festivalcineitaliano.es\/"},{"@type":"ListItem","position":2,"name":"edizione 4"}]},{"@type":"WebSite","@id":"https:\/\/festivalcineitaliano.es\/#website","url":"https:\/\/festivalcineitaliano.es\/","name":"FESTIVAL DE CINE ITALIANO","description":"","publisher":{"@id":"https:\/\/festivalcineitaliano.es\/#organization"},"potentialAction":[{"@type":"SearchAction","target":{"@type":"EntryPoint","urlTemplate":"https:\/\/festivalcineitaliano.es\/?s={search_term_string}"},"query-input":{"@type":"PropertyValueSpecification","valueRequired":true,"valueName":"search_term_string"}}],"inLanguage":"it-IT"},{"@type":"Organization","@id":"https:\/\/festivalcineitaliano.es\/#organization","name":"FESTIVAL DE CINE ITALIANO","url":"https:\/\/festivalcineitaliano.es\/","logo":{"@type":"ImageObject","inLanguage":"it-IT","@id":"https:\/\/festivalcineitaliano.es\/#\/schema\/logo\/image\/","url":"https:\/\/festivalcineitaliano.es\/wp-content\/uploads\/2026\/04\/IMG_5478-edited.png","contentUrl":"https:\/\/festivalcineitaliano.es\/wp-content\/uploads\/2026\/04\/IMG_5478-edited.png","width":512,"height":288,"caption":"FESTIVAL DE CINE ITALIANO"},"image":{"@id":"https:\/\/festivalcineitaliano.es\/#\/schema\/logo\/image\/"}}]}},"jetpack_sharing_enabled":true,"_links":{"self":[{"href":"https:\/\/festivalcineitaliano.es\/index.php\/wp-json\/wp\/v2\/pages\/153","targetHints":{"allow":["GET"]}}],"collection":[{"href":"https:\/\/festivalcineitaliano.es\/index.php\/wp-json\/wp\/v2\/pages"}],"about":[{"href":"https:\/\/festivalcineitaliano.es\/index.php\/wp-json\/wp\/v2\/types\/page"}],"author":[{"embeddable":true,"href":"https:\/\/festivalcineitaliano.es\/index.php\/wp-json\/wp\/v2\/users\/1"}],"replies":[{"embeddable":true,"href":"https:\/\/festivalcineitaliano.es\/index.php\/wp-json\/wp\/v2\/comments?post=153"}],"version-history":[{"count":11,"href":"https:\/\/festivalcineitaliano.es\/index.php\/wp-json\/wp\/v2\/pages\/153\/revisions"}],"predecessor-version":[{"id":855,"href":"https:\/\/festivalcineitaliano.es\/index.php\/wp-json\/wp\/v2\/pages\/153\/revisions\/855"}],"wp:attachment":[{"href":"https:\/\/festivalcineitaliano.es\/index.php\/wp-json\/wp\/v2\/media?parent=153"}],"curies":[{"name":"wp","href":"https:\/\/api.w.org\/{rel}","templated":true}]}}