{"id":23,"date":"2026-03-15T00:27:19","date_gmt":"2026-03-15T00:27:19","guid":{"rendered":"https:\/\/festivalcineitaliano.es\/?page_id=23"},"modified":"2026-04-06T19:05:15","modified_gmt":"2026-04-06T19:05:15","slug":"festival-cinema-italiano-malaga-chi-siamo","status":"publish","type":"page","link":"https:\/\/festivalcineitaliano.es\/index.php\/festival-cinema-italiano-malaga-chi-siamo\/","title":{"rendered":"Chi siamo"},"content":{"rendered":"\n<div class=\"wp-block-cover alignfull\" style=\"margin-top:0;padding-top:0px;padding-right:2vw;padding-bottom:0px;padding-left:2vw;min-height:309px;aspect-ratio:unset;\"><span aria-hidden=\"true\" class=\"wp-block-cover__background has-background-dim-100 has-background-dim has-background-gradient\" style=\"background:linear-gradient(180deg,rgb(0,0,0) 39%,rgb(83,80,123) 39%,rgb(255,217,0) 39%)\"><\/span><div class=\"wp-block-cover__inner-container is-layout-flow wp-block-cover-is-layout-flow\">\n<div style=\"height:0px\" aria-hidden=\"true\" class=\"wp-block-spacer\"><\/div>\n\n\n\n<div class=\"wp-block-group is-content-justification-center is-layout-flex wp-container-core-group-is-layout-1881beb3 wp-block-group-is-layout-flex\">\n<div class=\"wp-block-group wp-container-content-9cfa9a5a is-layout-flow wp-container-core-group-is-layout-d6743c7d wp-block-group-is-layout-flow\">\n<p class=\"has-text-align-left has-white-color has-text-color has-link-color wp-elements-eff17d0a79ee127c960deaa317f78398\" style=\"font-size:clamp(76.201px, 4.763rem + ((1vw - 3.2px) * 9.979), 172px);font-style:normal;font-weight:700;letter-spacing:-10px;line-height:0.7;text-transform:uppercase\"><strong>FCI<\/strong><\/p>\n<\/div>\n\n\n\n<div class=\"wp-block-group wp-container-content-9dbf05af is-layout-flow wp-container-core-group-is-layout-634f0b9d wp-block-group-is-layout-flow\">\n<div class=\"wp-block-group is-content-justification-right is-nowrap is-layout-flex wp-container-core-group-is-layout-f7496aeb wp-block-group-is-layout-flex\">\n<p class=\"has-white-color has-text-color has-link-color wp-elements-92aa968392e5dfda608d8396a4989539\" style=\"font-size:clamp(14px, 0.875rem + ((1vw - 3.2px) * 0.313), 17px);font-style:normal;font-weight:1000;letter-spacing:0px;text-decoration:none;text-transform:uppercase\"><a href=\"https:\/\/doblemirada.es\/\" type=\"link\" id=\"https:\/\/doblemirada.es\/\">DobleMirada<\/a>\u2192<\/p>\n<\/div>\n<\/div>\n<\/div>\n\n\n\n<div style=\"height:69px\" aria-hidden=\"true\" class=\"wp-block-spacer\"><\/div>\n<\/div><\/div>\n\n\n\n<div style=\"height:26px\" aria-hidden=\"true\" class=\"wp-block-spacer\"><\/div>\n\n\n\n<div class=\"wp-block-group alignwide is-layout-flow wp-block-group-is-layout-flow\" style=\"padding-right:var(--wp--preset--spacing--40);padding-left:var(--wp--preset--spacing--40)\">\n<div class=\"wp-block-group is-layout-flow wp-block-group-is-layout-flow\" style=\"min-height:157px;margin-top:0;margin-bottom:0;padding-top:0;padding-right:0;padding-bottom:0;padding-left:0\">\n<div class=\"wp-block-group is-content-justification-left is-nowrap is-layout-flex wp-container-core-group-is-layout-fc9f69e7 wp-block-group-is-layout-flex\">\n<h2 class=\"wp-block-heading\" style=\"font-size:clamp(1.976rem, 1.976rem + ((1vw - 0.2rem) * 2.54), 3.5rem);font-style:normal;font-weight:200\">CONTATTI<\/h2>\n<\/div>\n\n\n\n<p style=\"padding-top:0;padding-right:0;padding-bottom:0;padding-left:0\"><a href=\"mailto:info@festivalcineitaliano.es\">info@festivalcineitaliano.es<\/a><\/p>\n\n\n\n<p style=\"margin-top:0;margin-bottom:0;padding-top:0;padding-bottom:0\">Malaga &#8211; Spagna<\/p>\n<\/div>\n\n\n\n<div style=\"height:3px\" aria-hidden=\"true\" class=\"wp-block-spacer\"><\/div>\n\n\n\n<h2 data-wp-context---core-fit-text=\"core\/fit-text::{&quot;fontSize&quot;:&quot;&quot;}\" data-wp-init---core-fit-text=\"core\/fit-text::callbacks.init\" data-wp-interactive data-wp-style--font-size=\"core\/fit-text::context.fontSize\" class=\"wp-block-heading has-text-align-center is-style-default has-fit-text has-text-color has-link-color wp-elements-1d7a378b84545877ab67f69b53b292a5\" style=\"color:#ffd900;font-size:5.3rem\">DOBLEMIRADA<\/h2>\n\n\n\n<div class=\"wp-block-buttons is-content-justification-center is-layout-flex wp-container-core-buttons-is-layout-a89b3969 wp-block-buttons-is-layout-flex\">\n<div class=\"wp-block-button\"><a class=\"wp-block-button__link has-large-font-size has-custom-font-size wp-element-button\" href=\"https:\/\/doblemirada.es\/\">L&#8217;associazione<\/a><\/div>\n<\/div>\n\n\n\n<div style=\"height:7px\" aria-hidden=\"true\" class=\"wp-block-spacer\"><\/div>\n\n\n\n<h2 class=\"wp-block-heading has-text-align-center has-text-color has-link-color wp-elements-587289d98b637a9018468c45aed08c2e\" style=\"color:#ffe100;font-style:normal;font-weight:200;text-transform:uppercase\">Un Ponte tra Culture<\/h2>\n\n\n\n<p class=\"has-text-align-left has-large-font-size\" id=\"p-rc_7e192b79d0794c1b-113\">L\u2019associazione&nbsp;<a href=\"https:\/\/doblemirada.es\/\" type=\"link\" id=\"https:\/\/doblemirada.es\/\"><strong>DOBLEMIRADA<\/strong>&nbsp;<\/a>nasce dal desiderio di creare uno spazio di incontro, dialogo e scambio tra persone, culture ed esperienze diverse.&nbsp;Il nome, che in spagnolo significa \u201cdoppio sguardo\u201d, racchiude la nostra missione: osservare la realt\u00e0 da pi\u00f9 punti di vista, superando visioni limitate per aprirsi alla complessit\u00e0 del mondo contemporaneo.&nbsp;Crediamo fermamente che coltivare una \u201cdoppia mirada\u201d significhi imparare ad ascoltare e accogliere prospettive diverse, riconoscendo che proprio nell\u2019incontro tra sguardi differenti nascono nuove idee e possibilit\u00e0 per il futuro.<\/p>\n\n\n\n<p class=\"has-text-align-left has-large-font-size\" id=\"p-rc_7e192b79d0794c1b-114\">Operiamo sul territorio di M\u00e1laga e dell&#8217;Andalusia con l&#8217;obiettivo di promuovere iniziative culturali, artistiche ed educative che favoriscano la partecipazione attiva e lo sviluppo di relazioni basate sul rispetto e sulla condivisione.<\/p>\n\n\n\n<p class=\"has-text-align-left has-large-font-size\" id=\"p-rc_7e192b79d0794c1b-114\">La nostra visione \u00e8 quindi quella di contribuire alla costruzione di una societ\u00e0 pi\u00f9 aperta e solidale, ponendo un&#8217;attenzione particolare al confronto costruttivo tra la cultura italiana e quella spagnola, affinch\u00e9 la diversit\u00e0 sia vissuta come una preziosa occasione di arricchimento reciproco.<\/p>\n\n\n\n<div style=\"height:98px\" aria-hidden=\"true\" class=\"wp-block-spacer\"><\/div>\n\n\n\n<h2 class=\"wp-block-heading has-text-align-right has-text-color has-link-color has-xx-large-font-size wp-elements-0e8a4ef9e3786a1ccc8eb5f7422235f4\" style=\"color:#ecd400;font-style:normal;font-weight:200;text-transform:uppercase\">Le Nostre Attivit\u00e0 e i Nostri Obiettivi<\/h2>\n\n\n\n<p class=\"has-text-align-right has-large-font-size\" id=\"p-rc_7e192b79d0794c1b-115\">Il cuore del nostro statuto \u00e8 la promozione della cultura italiana e spagnola in Andalusia. Lavoriamo per favorire la conoscenza reciproca e proponiamo temi di dibattito cinematografico, letterario e artistico, con attenzione alla produzione contemporanea.<\/p>\n\n\n\n<p class=\"has-text-align-right has-large-font-size\" id=\"p-rc_7e192b79d0794c1b-115\">La nostra azione principale \u00e8 l\u2019organizzazione del&nbsp;<strong><a href=\"https:\/\/festivalcineitaliano.es\/index.php\/festival-cine-italiano-malaga\/\" type=\"page\" id=\"65\">Festival del Cinema Italiano di M\u00e1laga<\/a><\/strong>, che nel 2026 celebrer\u00e0 la nona edizione<\/p>\n\n\n\n<p class=\"has-text-align-right has-large-font-size\" id=\"p-rc_7e192b79d0794c1b-115\">Accanto al Festival, curiamo attivit\u00e0 parallele per coinvolgere la comunit\u00e0 locale, promuovendo il dialogo interculturale e la libera circolazione delle idee. Organizziamo anche eventi per la comunit\u00e0 accademica e civile. Questi includono incontri letterari, presentazioni di libri e produzioni audiovisive, fotografiche e multimediali. Attraverso il \u201cLaboratorio di Lettura in Italiano\u201d promuoviamo la conoscenza degli autori italiani. Collaboriamo con universit\u00e0, istituzioni locali e enti pubblici e privati.<\/p>\n\n\n\n<p class=\"has-text-align-right has-large-font-size\" id=\"p-rc_7e192b79d0794c1b-115\">Per noi di&nbsp;<strong><a href=\"https:\/\/doblemirada.es\/\" type=\"link\" id=\"https:\/\/doblemirada.es\/\">DOBLEMIRADA<\/a><\/strong>, arte e cultura sono strumenti per costruire comunit\u00e0 consapevoli.<\/p>\n\n\n\n<p class=\"has-text-align-right has-large-font-size\" id=\"p-rc_7e192b79d0794c1b-115\">Vogliamo trasformare le persone da spettatori a protagonisti dei processi culturali e sociali del territorio.<\/p>\n\n\n\n<div style=\"height:124px\" aria-hidden=\"true\" class=\"wp-block-spacer\"><\/div>\n<\/div>\n","protected":false},"excerpt":{"rendered":"<p>CONTATTI info@festivalcineitaliano.es Malaga &#8211; Spagna DOBLEMIRADA Un Ponte tra Culture L\u2019associazione&nbsp;DOBLEMIRADA&nbsp;nasce dal desiderio di creare uno spazio di incontro, dialogo e scambio tra persone, culture ed esperienze diverse.&nbsp;Il nome, che in spagnolo significa \u201cdoppio sguardo\u201d, racchiude la nostra missione: osservare la realt\u00e0 da pi\u00f9 punti di vista, superando visioni limitate per aprirsi alla complessit\u00e0 del [&hellip;]<\/p>\n","protected":false},"author":1,"featured_media":0,"parent":0,"menu_order":0,"comment_status":"closed","ping_status":"closed","template":"page-wide","meta":{"footnotes":""},"class_list":["post-23","page","type-page","status-publish","hentry"],"yoast_head":"<!-- This site is optimized with the Yoast SEO plugin v27.1.1 - https:\/\/yoast.com\/product\/yoast-seo-wordpress\/ -->\n<title>Festival del Cinema Italiano di M\u00e1laga \u2013 Chi Siamo<\/title>\n<meta name=\"description\" content=\"Scopri la missione del Festival del Cinema Italiano di M\u00e1laga, l\u2019associazione culturale DobleMirada e il dialogo tra Italia e Spagna.\" \/>\n<meta name=\"robots\" content=\"index, follow, max-snippet:-1, max-image-preview:large, max-video-preview:-1\" \/>\n<link rel=\"canonical\" href=\"https:\/\/festivalcineitaliano.es\/index.php\/festival-cinema-italiano-malaga-chi-siamo\/\" \/>\n<meta property=\"og:locale\" content=\"it_IT\" \/>\n<meta property=\"og:type\" content=\"article\" \/>\n<meta property=\"og:title\" content=\"Festival del Cinema Italiano di M\u00e1laga \u2013 Chi Siamo\" \/>\n<meta property=\"og:description\" content=\"Scopri la missione del Festival del Cinema Italiano di M\u00e1laga, l\u2019associazione culturale DobleMirada e il dialogo tra Italia e Spagna.\" \/>\n<meta property=\"og:url\" content=\"https:\/\/festivalcineitaliano.es\/index.php\/festival-cinema-italiano-malaga-chi-siamo\/\" \/>\n<meta property=\"og:site_name\" content=\"FESTIVAL DE CINE ITALIANO\" \/>\n<meta property=\"article:modified_time\" content=\"2026-04-06T19:05:15+00:00\" \/>\n<meta name=\"twitter:card\" content=\"summary_large_image\" \/>\n<meta name=\"twitter:label1\" content=\"Tempo di lettura stimato\" \/>\n\t<meta name=\"twitter:data1\" content=\"2 minuti\" \/>\n<script type=\"application\/ld+json\" class=\"yoast-schema-graph\">{\"@context\":\"https:\/\/schema.org\",\"@graph\":[{\"@type\":\"WebPage\",\"@id\":\"https:\/\/festivalcineitaliano.es\/index.php\/festival-cinema-italiano-malaga-chi-siamo\/\",\"url\":\"https:\/\/festivalcineitaliano.es\/index.php\/festival-cinema-italiano-malaga-chi-siamo\/\",\"name\":\"Festival del Cinema Italiano di M\u00e1laga \u2013 Chi Siamo\",\"isPartOf\":{\"@id\":\"https:\/\/festivalcineitaliano.es\/#website\"},\"datePublished\":\"2026-03-15T00:27:19+00:00\",\"dateModified\":\"2026-04-06T19:05:15+00:00\",\"description\":\"Scopri la missione del Festival del Cinema Italiano di M\u00e1laga, l\u2019associazione culturale DobleMirada e il dialogo tra Italia e Spagna.\",\"breadcrumb\":{\"@id\":\"https:\/\/festivalcineitaliano.es\/index.php\/festival-cinema-italiano-malaga-chi-siamo\/#breadcrumb\"},\"inLanguage\":\"it-IT\",\"potentialAction\":[{\"@type\":\"ReadAction\",\"target\":[\"https:\/\/festivalcineitaliano.es\/index.php\/festival-cinema-italiano-malaga-chi-siamo\/\"]}]},{\"@type\":\"BreadcrumbList\",\"@id\":\"https:\/\/festivalcineitaliano.es\/index.php\/festival-cinema-italiano-malaga-chi-siamo\/#breadcrumb\",\"itemListElement\":[{\"@type\":\"ListItem\",\"position\":1,\"name\":\"Home\",\"item\":\"https:\/\/festivalcineitaliano.es\/\"},{\"@type\":\"ListItem\",\"position\":2,\"name\":\"Chi siamo\"}]},{\"@type\":\"WebSite\",\"@id\":\"https:\/\/festivalcineitaliano.es\/#website\",\"url\":\"https:\/\/festivalcineitaliano.es\/\",\"name\":\"FESTIVAL DE CINE ITALIANO\",\"description\":\"\",\"publisher\":{\"@id\":\"https:\/\/festivalcineitaliano.es\/#organization\"},\"potentialAction\":[{\"@type\":\"SearchAction\",\"target\":{\"@type\":\"EntryPoint\",\"urlTemplate\":\"https:\/\/festivalcineitaliano.es\/?s={search_term_string}\"},\"query-input\":{\"@type\":\"PropertyValueSpecification\",\"valueRequired\":true,\"valueName\":\"search_term_string\"}}],\"inLanguage\":\"it-IT\"},{\"@type\":\"Organization\",\"@id\":\"https:\/\/festivalcineitaliano.es\/#organization\",\"name\":\"FESTIVAL DE CINE ITALIANO\",\"url\":\"https:\/\/festivalcineitaliano.es\/\",\"logo\":{\"@type\":\"ImageObject\",\"inLanguage\":\"it-IT\",\"@id\":\"https:\/\/festivalcineitaliano.es\/#\/schema\/logo\/image\/\",\"url\":\"https:\/\/festivalcineitaliano.es\/wp-content\/uploads\/2026\/04\/IMG_5478-edited.png\",\"contentUrl\":\"https:\/\/festivalcineitaliano.es\/wp-content\/uploads\/2026\/04\/IMG_5478-edited.png\",\"width\":512,\"height\":288,\"caption\":\"FESTIVAL DE CINE ITALIANO\"},\"image\":{\"@id\":\"https:\/\/festivalcineitaliano.es\/#\/schema\/logo\/image\/\"}}]}<\/script>\n<!-- \/ Yoast SEO plugin. -->","yoast_head_json":{"title":"Festival del Cinema Italiano di M\u00e1laga \u2013 Chi Siamo","description":"Scopri la missione del Festival del Cinema Italiano di M\u00e1laga, l\u2019associazione culturale DobleMirada e il dialogo tra Italia e Spagna.","robots":{"index":"index","follow":"follow","max-snippet":"max-snippet:-1","max-image-preview":"max-image-preview:large","max-video-preview":"max-video-preview:-1"},"canonical":"https:\/\/festivalcineitaliano.es\/index.php\/festival-cinema-italiano-malaga-chi-siamo\/","og_locale":"it_IT","og_type":"article","og_title":"Festival del Cinema Italiano di M\u00e1laga \u2013 Chi Siamo","og_description":"Scopri la missione del Festival del Cinema Italiano di M\u00e1laga, l\u2019associazione culturale DobleMirada e il dialogo tra Italia e Spagna.","og_url":"https:\/\/festivalcineitaliano.es\/index.php\/festival-cinema-italiano-malaga-chi-siamo\/","og_site_name":"FESTIVAL DE CINE ITALIANO","article_modified_time":"2026-04-06T19:05:15+00:00","twitter_card":"summary_large_image","twitter_misc":{"Tempo di lettura stimato":"2 minuti"},"schema":{"@context":"https:\/\/schema.org","@graph":[{"@type":"WebPage","@id":"https:\/\/festivalcineitaliano.es\/index.php\/festival-cinema-italiano-malaga-chi-siamo\/","url":"https:\/\/festivalcineitaliano.es\/index.php\/festival-cinema-italiano-malaga-chi-siamo\/","name":"Festival del Cinema Italiano di M\u00e1laga \u2013 Chi Siamo","isPartOf":{"@id":"https:\/\/festivalcineitaliano.es\/#website"},"datePublished":"2026-03-15T00:27:19+00:00","dateModified":"2026-04-06T19:05:15+00:00","description":"Scopri la missione del Festival del Cinema Italiano di M\u00e1laga, l\u2019associazione culturale DobleMirada e il dialogo tra Italia e Spagna.","breadcrumb":{"@id":"https:\/\/festivalcineitaliano.es\/index.php\/festival-cinema-italiano-malaga-chi-siamo\/#breadcrumb"},"inLanguage":"it-IT","potentialAction":[{"@type":"ReadAction","target":["https:\/\/festivalcineitaliano.es\/index.php\/festival-cinema-italiano-malaga-chi-siamo\/"]}]},{"@type":"BreadcrumbList","@id":"https:\/\/festivalcineitaliano.es\/index.php\/festival-cinema-italiano-malaga-chi-siamo\/#breadcrumb","itemListElement":[{"@type":"ListItem","position":1,"name":"Home","item":"https:\/\/festivalcineitaliano.es\/"},{"@type":"ListItem","position":2,"name":"Chi siamo"}]},{"@type":"WebSite","@id":"https:\/\/festivalcineitaliano.es\/#website","url":"https:\/\/festivalcineitaliano.es\/","name":"FESTIVAL DE CINE ITALIANO","description":"","publisher":{"@id":"https:\/\/festivalcineitaliano.es\/#organization"},"potentialAction":[{"@type":"SearchAction","target":{"@type":"EntryPoint","urlTemplate":"https:\/\/festivalcineitaliano.es\/?s={search_term_string}"},"query-input":{"@type":"PropertyValueSpecification","valueRequired":true,"valueName":"search_term_string"}}],"inLanguage":"it-IT"},{"@type":"Organization","@id":"https:\/\/festivalcineitaliano.es\/#organization","name":"FESTIVAL DE CINE ITALIANO","url":"https:\/\/festivalcineitaliano.es\/","logo":{"@type":"ImageObject","inLanguage":"it-IT","@id":"https:\/\/festivalcineitaliano.es\/#\/schema\/logo\/image\/","url":"https:\/\/festivalcineitaliano.es\/wp-content\/uploads\/2026\/04\/IMG_5478-edited.png","contentUrl":"https:\/\/festivalcineitaliano.es\/wp-content\/uploads\/2026\/04\/IMG_5478-edited.png","width":512,"height":288,"caption":"FESTIVAL DE CINE ITALIANO"},"image":{"@id":"https:\/\/festivalcineitaliano.es\/#\/schema\/logo\/image\/"}}]}},"jetpack_sharing_enabled":true,"_links":{"self":[{"href":"https:\/\/festivalcineitaliano.es\/index.php\/wp-json\/wp\/v2\/pages\/23","targetHints":{"allow":["GET"]}}],"collection":[{"href":"https:\/\/festivalcineitaliano.es\/index.php\/wp-json\/wp\/v2\/pages"}],"about":[{"href":"https:\/\/festivalcineitaliano.es\/index.php\/wp-json\/wp\/v2\/types\/page"}],"author":[{"embeddable":true,"href":"https:\/\/festivalcineitaliano.es\/index.php\/wp-json\/wp\/v2\/users\/1"}],"replies":[{"embeddable":true,"href":"https:\/\/festivalcineitaliano.es\/index.php\/wp-json\/wp\/v2\/comments?post=23"}],"version-history":[{"count":49,"href":"https:\/\/festivalcineitaliano.es\/index.php\/wp-json\/wp\/v2\/pages\/23\/revisions"}],"predecessor-version":[{"id":916,"href":"https:\/\/festivalcineitaliano.es\/index.php\/wp-json\/wp\/v2\/pages\/23\/revisions\/916"}],"wp:attachment":[{"href":"https:\/\/festivalcineitaliano.es\/index.php\/wp-json\/wp\/v2\/media?parent=23"}],"curies":[{"name":"wp","href":"https:\/\/api.w.org\/{rel}","templated":true}]}}