{"id":27,"date":"2026-03-15T22:10:24","date_gmt":"2026-03-15T22:10:24","guid":{"rendered":"https:\/\/festivalcineitaliano.es\/?page_id=27"},"modified":"2026-04-06T19:27:44","modified_gmt":"2026-04-06T19:27:44","slug":"programma-festival-cine-italiano-malaga","status":"publish","type":"page","link":"https:\/\/festivalcineitaliano.es\/index.php\/programma-festival-cine-italiano-malaga\/","title":{"rendered":"Programma"},"content":{"rendered":"\n<div class=\"wp-block-group alignwide has-border-color has-accent-5-border-color has-base-2-color has-text-color has-link-color has-x-large-font-size wp-elements-296a69ce7a57838053c81a04193ac348 is-layout-flow wp-container-core-group-is-layout-2d7d6383 wp-block-group-is-layout-flow\" style=\"border-width:1px;border-top-left-radius:10px;border-top-right-radius:10px;border-bottom-left-radius:10px;border-bottom-right-radius:10px;min-height:0px;margin-top:0;margin-bottom:0;padding-top:var(--wp--preset--spacing--30);padding-right:var(--wp--preset--spacing--40);padding-bottom:var(--wp--preset--spacing--30);padding-left:var(--wp--preset--spacing--40)\">\n<h2 class=\"wp-block-heading has-text-align-center has-base-2-color has-text-color\" style=\"border-style:none;border-width:0px;font-size:clamp(55.958px, 3.497rem + ((1vw - 3.2px) * 6.15), 115px);\"><strong><mark style=\"background-color:rgba(0, 0, 0, 0);color:#ffdd00\" class=\"has-inline-color\">\u2734\ufe0e<\/mark> 9\u00b0 EDIZIONE<\/strong><\/h2>\n\n\n\n<h2 class=\"wp-block-heading has-text-align-center has-base-2-color has-text-color\" style=\"font-size:clamp(55.958px, 3.497rem + ((1vw - 3.2px) * 6.15), 115px);\">MUY PRONTO <strong><mark style=\"background-color:rgba(0, 0, 0, 0);color:#ffdd00\" class=\"has-inline-color\">\u2734\ufe0e<\/mark><\/strong><\/h2>\n\n\n\n<div style=\"height:5px\" aria-hidden=\"true\" class=\"wp-block-spacer\"><\/div>\n\n\n\n<p class=\"has-text-align-center has-text-color\" style=\"color:#ffe200;font-size:clamp(65.143px, 4.071rem + ((1vw - 3.2px) * 7.798), 140px);font-style:italic;font-weight:200;letter-spacing:0px;line-height:0.9;text-transform:uppercase\">2026<\/p>\n\n\n\n<div style=\"height:35px\" aria-hidden=\"true\" class=\"wp-block-spacer\"><\/div>\n<\/div>\n\n\n\n<div style=\"height:23px\" aria-hidden=\"true\" class=\"wp-block-spacer\"><\/div>\n\n\n\n<div class=\"wp-block-group alignwide is-layout-flow wp-block-group-is-layout-flow\" style=\"padding-right:var(--wp--preset--spacing--20);padding-left:var(--wp--preset--spacing--20)\">\n<h3 class=\"wp-block-heading alignwide has-text-align-center has-text-color has-link-color has-xx-large-font-size wp-elements-ba4dd0d345edea10059f5fbf87639b5f\" style=\"color:#ffeb00;font-style:normal;font-weight:100;text-transform:uppercase\"><strong>9\u00aa Edizione:<\/strong> Un Nuovo Progetto per il 2026<\/h3>\n<\/div>\n\n\n\n<div class=\"wp-block-group alignfull has-large-font-size is-layout-flow wp-block-group-is-layout-flow\" style=\"padding-top:var(--wp--preset--spacing--20);padding-right:0;padding-bottom:var(--wp--preset--spacing--20);padding-left:0\">\n<p class=\"has-text-align-left\" id=\"p-rc_ba517cac1b15753f-79\">Dopo otto anni di successi, il <a href=\"https:\/\/festivalcineitaliano.es\/index.php\/festival-cine-italiano-malaga\/\" type=\"page\" id=\"65\">Festival del Cine Italiano de M\u00e1laga<\/a> inaugura una nuova era, ricca di progetti e stimoli rinnovati.&nbsp;Abbandonando l&#8217;idea della rassegna generalista, gli organizzatori hanno deciso di fare un salto di qualit\u00e0 attraverso tre iniziative fondamentali:<\/p>\n\n\n\n<ul class=\"wp-block-list\">\n<li><strong><mark style=\"background-color:rgba(0, 0, 0, 0);color:#ffe100\" class=\"has-inline-color\">Una nuova visione culturale:<\/mark><\/strong>&nbsp;La nascita di un&#8217;associazione <a href=\"https:\/\/doblemirada.es\" type=\"link\" id=\"https:\/\/doblemirada.es\">&#8221; DOBLEMIRADA&#8221; <\/a>capace di gestire eventi in un&#8217;area estesa come l&#8217;Andalusia, con un&#8217;ottica speculare che abbraccia sia la cultura italiana che la realt\u00e0 artistica locale.<\/li>\n\n\n\n<li><strong><mark style=\"background-color:rgba(0, 0, 0, 0);color:#fee900\" class=\"has-inline-color\">Nuove sinergie:<\/mark><\/strong>&nbsp;Il consolidamento di accordi istituzionali con i pi\u00f9 importanti enti culturali regionali, nazionali e internazionali.<\/li>\n\n\n\n<li><strong><mark style=\"background-color:rgba(0, 0, 0, 0);color:#fff700\" class=\"has-inline-color\">Un vero e proprio concorso:<\/mark><\/strong>&nbsp;Il passaggio da semplice rassegna a festival competitivo, con giurie specializzate, regole di partecipazione chiare e l&#8217;assegnazione di riconoscimenti economici.<\/li>\n<\/ul>\n\n\n\n<div style=\"height:38px\" aria-hidden=\"true\" class=\"wp-block-spacer\"><\/div>\n\n\n\n<h2 class=\"wp-block-heading has-text-align-left has-text-color has-link-color wp-elements-2f0e6889635252d05307973cbfa68588\" style=\"color:#ffd900;font-size:clamp(3.116rem, 3.116rem + ((1vw - 0.2rem) * 5.14), 6.2rem);text-transform:uppercase\">Opere Prime e Seconde<\/h2>\n\n\n\n<p class=\"has-text-align-left\" id=\"p-rc_ba517cac1b15753f-83\">La grande novit\u00e0 del 2026 nasce dalla volont\u00e0 di sostenere il momento pi\u00f9 delicato e decisivo nel percorso di un autore: l&#8217;inizio della propria carriera<sup><\/sup>.<\/p>\n\n\n\n<p class=\"has-text-align-left\" id=\"p-rc_ba517cac1b15753f-84\">I primi film rappresentano spesso uno spazio di immensa libert\u00e0 creativa, dove i registi sperimentano linguaggi inediti e affrontano temi nuovi con coraggio e autenticit\u00e0<sup><\/sup>. Offrire una piattaforma a queste opere significa:<\/p>\n\n\n\n<ul class=\"wp-block-list\">\n<li><mark style=\"background-color:rgba(0, 0, 0, 0);color:#fff700\" class=\"has-inline-color\"><strong>Intercettare i talenti di domani<\/strong>, <\/mark>favorendo il ricambio generazionale del settore.<\/li>\n\n\n\n<li><strong><mark style=\"background-color:rgba(0, 0, 0, 0);color:#ffff00\" class=\"has-inline-color\">Creare un luogo di scoperta<\/mark><\/strong>&nbsp;per il pubblico, che pu\u00f2 conoscere i nuovi autori prima che si affermino.<\/li>\n\n\n\n<li><mark style=\"background-color:rgba(0, 0, 0, 0);color:#fff200\" class=\"has-inline-color\"><strong>Supportare l&#8217;industria cinematografica<\/strong>&nbsp;<\/mark>nell&#8217;individuare nuove voci di spicco.<\/li>\n<\/ul>\n\n\n\n<p class=\"has-text-align-left\" id=\"p-rc_ba517cac1b15753f-88\">Il festival diventa cos\u00ec uno spazio vivo di incontro e dialogo tra registi emergenti, professionisti del settore e spettatori<sup><\/sup>.<\/p>\n\n\n\n<div style=\"height:23px\" aria-hidden=\"true\" class=\"wp-block-spacer\"><\/div>\n\n\n\n<h2 class=\"wp-block-heading has-text-align-left has-text-color has-link-color wp-elements-615efc1b390f6730c1842f7675b42e9d\" style=\"color:#ffe200;font-size:clamp(2.066rem, 2.066rem + ((1vw - 0.2rem) * 2.723), 3.7rem);font-style:normal;font-weight:100;text-transform:uppercase\">Un <strong>Doppio Sguardo<\/strong> tra <strong>Italia<\/strong> e <strong>Spagna<\/strong><\/h2>\n\n\n\n<p class=\"has-text-align-left\" id=\"p-rc_ba517cac1b15753f-89\">M\u00e1laga rappresenta un contesto straordinariamente fertile: dinamica, aperta e gi\u00e0 profondamente legata alla settima arte.&nbsp;Il nostro obiettivo non \u00e8 limitarci a essere una semplice vetrina del cinema italiano all&#8217;estero, ma&nbsp;<strong>costruire un dialogo reale<\/strong>.<\/p>\n\n\n\n<p class=\"has-text-align-left\" id=\"p-rc_ba517cac1b15753f-90\">Se da un lato vogliamo mostrare la ricchezza della produzione italiana contemporanea, dall&#8217;altro riconosciamo il ruolo fondamentale della Spagna come partner naturale.&nbsp;Per questo il festival si fonda sull&#8217;idea di un&nbsp;<strong>&#8220;doppio sguardo&#8221;<\/strong>: un incontro tra due tradizioni cinematografiche affini, che condividono sensibilit\u00e0, storia e un profondo rapporto con il racconto della realt\u00e0.<\/p>\n\n\n\n<p class=\"has-text-align-left\" id=\"p-rc_ba517cac1b15753f-91\">Creare questa sinergia significa stimolare il confronto e costruire un ponte culturale stabile.&nbsp;<a href=\"https:\/\/festivalcineitaliano.es\/index.php\/festival-cine-italiano-malaga\/\" type=\"page\" id=\"65\">Il Festival del Cinema Italiano di M\u00e1laga<\/a> non \u00e8 solo programmazione, ma un luogo di cooperazione capace di promuovere il cinema come il pi\u00f9 potente strumento di incontro tra culture<\/p>\n\n\n\n<div style=\"margin-top:var(--wp--preset--spacing--10);margin-bottom:var(--wp--preset--spacing--10);height:15px\" aria-hidden=\"true\" class=\"wp-block-spacer\"><\/div>\n<\/div>\n","protected":false},"excerpt":{"rendered":"<p>\u2734\ufe0e 9\u00b0 EDIZIONE MUY PRONTO \u2734\ufe0e 2026 9\u00aa Edizione: Un Nuovo Progetto per il 2026 Dopo otto anni di successi, il Festival del Cine Italiano de M\u00e1laga inaugura una nuova era, ricca di progetti e stimoli rinnovati.&nbsp;Abbandonando l&#8217;idea della rassegna generalista, gli organizzatori hanno deciso di fare un salto di qualit\u00e0 attraverso tre iniziative fondamentali: [&hellip;]<\/p>\n","protected":false},"author":1,"featured_media":0,"parent":0,"menu_order":0,"comment_status":"closed","ping_status":"closed","template":"page-no-title","meta":{"footnotes":""},"class_list":["post-27","page","type-page","status-publish","hentry"],"yoast_head":"<!-- This site is optimized with the Yoast SEO plugin v27.1.1 - https:\/\/yoast.com\/product\/yoast-seo-wordpress\/ -->\n<title>Programma Festival Cine Italiano M\u00e1laga | Edizione 2026<\/title>\n<meta name=\"description\" content=\"Scopri il programma del Festival Cine Italiano M\u00e1laga 2026: calendario delle proiezioni, cortometraggi, eventi e ospiti del festival\" \/>\n<meta name=\"robots\" content=\"index, follow, max-snippet:-1, max-image-preview:large, max-video-preview:-1\" \/>\n<link rel=\"canonical\" href=\"https:\/\/festivalcineitaliano.es\/index.php\/programma-festival-cine-italiano-malaga\/\" \/>\n<meta property=\"og:locale\" content=\"it_IT\" \/>\n<meta property=\"og:type\" content=\"article\" \/>\n<meta property=\"og:title\" content=\"Programma Festival Cine Italiano M\u00e1laga | Edizione 2026\" \/>\n<meta property=\"og:description\" content=\"Scopri il programma del Festival Cine Italiano M\u00e1laga 2026: calendario delle proiezioni, cortometraggi, eventi e ospiti del festival\" \/>\n<meta property=\"og:url\" content=\"https:\/\/festivalcineitaliano.es\/index.php\/programma-festival-cine-italiano-malaga\/\" \/>\n<meta property=\"og:site_name\" content=\"FESTIVAL DE CINE ITALIANO\" \/>\n<meta property=\"article:modified_time\" content=\"2026-04-06T19:27:44+00:00\" \/>\n<meta name=\"twitter:card\" content=\"summary_large_image\" \/>\n<meta name=\"twitter:label1\" content=\"Tempo di lettura stimato\" \/>\n\t<meta name=\"twitter:data1\" content=\"3 minuti\" \/>\n<script type=\"application\/ld+json\" class=\"yoast-schema-graph\">{\"@context\":\"https:\/\/schema.org\",\"@graph\":[{\"@type\":\"WebPage\",\"@id\":\"https:\/\/festivalcineitaliano.es\/index.php\/programma-festival-cine-italiano-malaga\/\",\"url\":\"https:\/\/festivalcineitaliano.es\/index.php\/programma-festival-cine-italiano-malaga\/\",\"name\":\"Programma Festival Cine Italiano M\u00e1laga | Edizione 2026\",\"isPartOf\":{\"@id\":\"https:\/\/festivalcineitaliano.es\/#website\"},\"datePublished\":\"2026-03-15T22:10:24+00:00\",\"dateModified\":\"2026-04-06T19:27:44+00:00\",\"description\":\"Scopri il programma del Festival Cine Italiano M\u00e1laga 2026: calendario delle proiezioni, cortometraggi, eventi e ospiti del festival\",\"breadcrumb\":{\"@id\":\"https:\/\/festivalcineitaliano.es\/index.php\/programma-festival-cine-italiano-malaga\/#breadcrumb\"},\"inLanguage\":\"it-IT\",\"potentialAction\":[{\"@type\":\"ReadAction\",\"target\":[\"https:\/\/festivalcineitaliano.es\/index.php\/programma-festival-cine-italiano-malaga\/\"]}]},{\"@type\":\"BreadcrumbList\",\"@id\":\"https:\/\/festivalcineitaliano.es\/index.php\/programma-festival-cine-italiano-malaga\/#breadcrumb\",\"itemListElement\":[{\"@type\":\"ListItem\",\"position\":1,\"name\":\"Home\",\"item\":\"https:\/\/festivalcineitaliano.es\/\"},{\"@type\":\"ListItem\",\"position\":2,\"name\":\"Programma\"}]},{\"@type\":\"WebSite\",\"@id\":\"https:\/\/festivalcineitaliano.es\/#website\",\"url\":\"https:\/\/festivalcineitaliano.es\/\",\"name\":\"FESTIVAL DE CINE ITALIANO\",\"description\":\"\",\"publisher\":{\"@id\":\"https:\/\/festivalcineitaliano.es\/#organization\"},\"potentialAction\":[{\"@type\":\"SearchAction\",\"target\":{\"@type\":\"EntryPoint\",\"urlTemplate\":\"https:\/\/festivalcineitaliano.es\/?s={search_term_string}\"},\"query-input\":{\"@type\":\"PropertyValueSpecification\",\"valueRequired\":true,\"valueName\":\"search_term_string\"}}],\"inLanguage\":\"it-IT\"},{\"@type\":\"Organization\",\"@id\":\"https:\/\/festivalcineitaliano.es\/#organization\",\"name\":\"FESTIVAL DE CINE ITALIANO\",\"url\":\"https:\/\/festivalcineitaliano.es\/\",\"logo\":{\"@type\":\"ImageObject\",\"inLanguage\":\"it-IT\",\"@id\":\"https:\/\/festivalcineitaliano.es\/#\/schema\/logo\/image\/\",\"url\":\"https:\/\/festivalcineitaliano.es\/wp-content\/uploads\/2026\/04\/IMG_5478-edited.png\",\"contentUrl\":\"https:\/\/festivalcineitaliano.es\/wp-content\/uploads\/2026\/04\/IMG_5478-edited.png\",\"width\":512,\"height\":288,\"caption\":\"FESTIVAL DE CINE ITALIANO\"},\"image\":{\"@id\":\"https:\/\/festivalcineitaliano.es\/#\/schema\/logo\/image\/\"}}]}<\/script>\n<!-- \/ Yoast SEO plugin. -->","yoast_head_json":{"title":"Programma Festival Cine Italiano M\u00e1laga | Edizione 2026","description":"Scopri il programma del Festival Cine Italiano M\u00e1laga 2026: calendario delle proiezioni, cortometraggi, eventi e ospiti del festival","robots":{"index":"index","follow":"follow","max-snippet":"max-snippet:-1","max-image-preview":"max-image-preview:large","max-video-preview":"max-video-preview:-1"},"canonical":"https:\/\/festivalcineitaliano.es\/index.php\/programma-festival-cine-italiano-malaga\/","og_locale":"it_IT","og_type":"article","og_title":"Programma Festival Cine Italiano M\u00e1laga | Edizione 2026","og_description":"Scopri il programma del Festival Cine Italiano M\u00e1laga 2026: calendario delle proiezioni, cortometraggi, eventi e ospiti del festival","og_url":"https:\/\/festivalcineitaliano.es\/index.php\/programma-festival-cine-italiano-malaga\/","og_site_name":"FESTIVAL DE CINE ITALIANO","article_modified_time":"2026-04-06T19:27:44+00:00","twitter_card":"summary_large_image","twitter_misc":{"Tempo di lettura stimato":"3 minuti"},"schema":{"@context":"https:\/\/schema.org","@graph":[{"@type":"WebPage","@id":"https:\/\/festivalcineitaliano.es\/index.php\/programma-festival-cine-italiano-malaga\/","url":"https:\/\/festivalcineitaliano.es\/index.php\/programma-festival-cine-italiano-malaga\/","name":"Programma Festival Cine Italiano M\u00e1laga | Edizione 2026","isPartOf":{"@id":"https:\/\/festivalcineitaliano.es\/#website"},"datePublished":"2026-03-15T22:10:24+00:00","dateModified":"2026-04-06T19:27:44+00:00","description":"Scopri il programma del Festival Cine Italiano M\u00e1laga 2026: calendario delle proiezioni, cortometraggi, eventi e ospiti del festival","breadcrumb":{"@id":"https:\/\/festivalcineitaliano.es\/index.php\/programma-festival-cine-italiano-malaga\/#breadcrumb"},"inLanguage":"it-IT","potentialAction":[{"@type":"ReadAction","target":["https:\/\/festivalcineitaliano.es\/index.php\/programma-festival-cine-italiano-malaga\/"]}]},{"@type":"BreadcrumbList","@id":"https:\/\/festivalcineitaliano.es\/index.php\/programma-festival-cine-italiano-malaga\/#breadcrumb","itemListElement":[{"@type":"ListItem","position":1,"name":"Home","item":"https:\/\/festivalcineitaliano.es\/"},{"@type":"ListItem","position":2,"name":"Programma"}]},{"@type":"WebSite","@id":"https:\/\/festivalcineitaliano.es\/#website","url":"https:\/\/festivalcineitaliano.es\/","name":"FESTIVAL DE CINE ITALIANO","description":"","publisher":{"@id":"https:\/\/festivalcineitaliano.es\/#organization"},"potentialAction":[{"@type":"SearchAction","target":{"@type":"EntryPoint","urlTemplate":"https:\/\/festivalcineitaliano.es\/?s={search_term_string}"},"query-input":{"@type":"PropertyValueSpecification","valueRequired":true,"valueName":"search_term_string"}}],"inLanguage":"it-IT"},{"@type":"Organization","@id":"https:\/\/festivalcineitaliano.es\/#organization","name":"FESTIVAL DE CINE ITALIANO","url":"https:\/\/festivalcineitaliano.es\/","logo":{"@type":"ImageObject","inLanguage":"it-IT","@id":"https:\/\/festivalcineitaliano.es\/#\/schema\/logo\/image\/","url":"https:\/\/festivalcineitaliano.es\/wp-content\/uploads\/2026\/04\/IMG_5478-edited.png","contentUrl":"https:\/\/festivalcineitaliano.es\/wp-content\/uploads\/2026\/04\/IMG_5478-edited.png","width":512,"height":288,"caption":"FESTIVAL DE CINE ITALIANO"},"image":{"@id":"https:\/\/festivalcineitaliano.es\/#\/schema\/logo\/image\/"}}]}},"jetpack_sharing_enabled":true,"_links":{"self":[{"href":"https:\/\/festivalcineitaliano.es\/index.php\/wp-json\/wp\/v2\/pages\/27","targetHints":{"allow":["GET"]}}],"collection":[{"href":"https:\/\/festivalcineitaliano.es\/index.php\/wp-json\/wp\/v2\/pages"}],"about":[{"href":"https:\/\/festivalcineitaliano.es\/index.php\/wp-json\/wp\/v2\/types\/page"}],"author":[{"embeddable":true,"href":"https:\/\/festivalcineitaliano.es\/index.php\/wp-json\/wp\/v2\/users\/1"}],"replies":[{"embeddable":true,"href":"https:\/\/festivalcineitaliano.es\/index.php\/wp-json\/wp\/v2\/comments?post=27"}],"version-history":[{"count":50,"href":"https:\/\/festivalcineitaliano.es\/index.php\/wp-json\/wp\/v2\/pages\/27\/revisions"}],"predecessor-version":[{"id":924,"href":"https:\/\/festivalcineitaliano.es\/index.php\/wp-json\/wp\/v2\/pages\/27\/revisions\/924"}],"wp:attachment":[{"href":"https:\/\/festivalcineitaliano.es\/index.php\/wp-json\/wp\/v2\/media?parent=27"}],"curies":[{"name":"wp","href":"https:\/\/api.w.org\/{rel}","templated":true}]}}